{"id":43,"date":"2025-02-18T12:15:47","date_gmt":"2025-02-18T12:15:47","guid":{"rendered":"https:\/\/wp.ellias-pflegedienst.de\/?page_id=43"},"modified":"2025-02-19T13:58:34","modified_gmt":"2025-02-19T13:58:34","slug":"hauswirtschaft","status":"publish","type":"page","link":"https:\/\/ellias-pflegedienst.de\/?page_id=43","title":{"rendered":"Hauswirtschaft"},"content":{"rendered":"\t\t<div data-elementor-type=\"wp-page\" data-elementor-id=\"43\" class=\"elementor elementor-43\" data-elementor-post-type=\"page\">\n\t\t\t\t<div class=\"elementor-element elementor-element-55aaf09 e-flex e-con-boxed e-con e-parent\" data-id=\"55aaf09\" data-element_type=\"container\" data-settings=\"{&quot;background_background&quot;:&quot;classic&quot;}\">\n\t\t\t\t\t<div class=\"e-con-inner\">\n\t\t\t\t<div class=\"elementor-element elementor-element-fb77d03 elementor-widget elementor-widget-heading\" data-id=\"fb77d03\" data-element_type=\"widget\" data-widget_type=\"heading.default\">\n\t\t\t\t<div class=\"elementor-widget-container\">\n\t\t\t\t\t<h1 class=\"elementor-heading-title elementor-size-default\">\nHauswirtschaft<\/h1>\t\t\t\t<\/div>\n\t\t\t\t<\/div>\n\t\t\t\t\t<\/div>\n\t\t\t\t<\/div>\n\t\t<div class=\"elementor-element elementor-element-916e0b7 e-con-full e-flex e-con e-parent\" data-id=\"916e0b7\" data-element_type=\"container\" data-settings=\"{&quot;background_background&quot;:&quot;classic&quot;}\">\n\t\t<div class=\"elementor-element elementor-element-3a4e4c8 e-con-full e-flex e-con e-child\" data-id=\"3a4e4c8\" data-element_type=\"container\">\n\t\t\t\t<div class=\"elementor-element elementor-element-ede3464 elementor-widget elementor-widget-heading\" data-id=\"ede3464\" data-element_type=\"widget\" data-widget_type=\"heading.default\">\n\t\t\t\t<div class=\"elementor-widget-container\">\n\t\t\t\t\t<h2 class=\"elementor-heading-title elementor-size-default\">Auch f\u00fcr Ihre hauswirtschaftliche Versorgung stehen wir bereit.<\/h2>\t\t\t\t<\/div>\n\t\t\t\t<\/div>\n\t\t\t\t<div class=\"elementor-element elementor-element-2ce9bc0 elementor-widget elementor-widget-text-editor\" data-id=\"2ce9bc0\" data-element_type=\"widget\" data-widget_type=\"text-editor.default\">\n\t\t\t\t<div class=\"elementor-widget-container\">\n\t\t\t\t\t\t\t\t\t<p>Unsere Leistungen bringen f\u00fcr Pflegebed\u00fcrftige eine Hilfe, die den Ablauf des t\u00e4glichen Lebens enorm erleichtern.<\/p>\t\t\t\t\t\t\t\t<\/div>\n\t\t\t\t<\/div>\n\t\t\t\t<div class=\"elementor-element elementor-element-faa58f5 elementor-icon-list--layout-traditional elementor-list-item-link-full_width elementor-widget elementor-widget-icon-list\" data-id=\"faa58f5\" data-element_type=\"widget\" data-widget_type=\"icon-list.default\">\n\t\t\t\t<div class=\"elementor-widget-container\">\n\t\t\t\t\t\t\t<ul class=\"elementor-icon-list-items\">\n\t\t\t\t\t\t\t<li class=\"elementor-icon-list-item\">\n\t\t\t\t\t\t\t\t\t\t\t<span class=\"elementor-icon-list-icon\">\n\t\t\t\t\t\t\t<svg aria-hidden=\"true\" class=\"e-font-icon-svg e-fas-check\" viewBox=\"0 0 512 512\" xmlns=\"http:\/\/www.w3.org\/2000\/svg\"><path d=\"M173.898 439.404l-166.4-166.4c-9.997-9.997-9.997-26.206 0-36.204l36.203-36.204c9.997-9.998 26.207-9.998 36.204 0L192 312.69 432.095 72.596c9.997-9.997 26.207-9.997 36.204 0l36.203 36.204c9.997 9.997 9.997 26.206 0 36.204l-294.4 294.401c-9.998 9.997-26.207 9.997-36.204-.001z\"><\/path><\/svg>\t\t\t\t\t\t<\/span>\n\t\t\t\t\t\t\t\t\t\t<span class=\"elementor-icon-list-text\">Unterst\u00fctzung beim Einkauf <\/span>\n\t\t\t\t\t\t\t\t\t<\/li>\n\t\t\t\t\t\t\t\t<li class=\"elementor-icon-list-item\">\n\t\t\t\t\t\t\t\t\t\t\t<span class=\"elementor-icon-list-icon\">\n\t\t\t\t\t\t\t<svg aria-hidden=\"true\" class=\"e-font-icon-svg e-fas-check\" viewBox=\"0 0 512 512\" xmlns=\"http:\/\/www.w3.org\/2000\/svg\"><path d=\"M173.898 439.404l-166.4-166.4c-9.997-9.997-9.997-26.206 0-36.204l36.203-36.204c9.997-9.998 26.207-9.998 36.204 0L192 312.69 432.095 72.596c9.997-9.997 26.207-9.997 36.204 0l36.203 36.204c9.997 9.997 9.997 26.206 0 36.204l-294.4 294.401c-9.998 9.997-26.207 9.997-36.204-.001z\"><\/path><\/svg>\t\t\t\t\t\t<\/span>\n\t\t\t\t\t\t\t\t\t\t<span class=\"elementor-icon-list-text\">Zubereitung von Mahlzeiten <\/span>\n\t\t\t\t\t\t\t\t\t<\/li>\n\t\t\t\t\t\t\t\t<li class=\"elementor-icon-list-item\">\n\t\t\t\t\t\t\t\t\t\t\t<span class=\"elementor-icon-list-icon\">\n\t\t\t\t\t\t\t<svg aria-hidden=\"true\" class=\"e-font-icon-svg e-fas-check\" viewBox=\"0 0 512 512\" xmlns=\"http:\/\/www.w3.org\/2000\/svg\"><path d=\"M173.898 439.404l-166.4-166.4c-9.997-9.997-9.997-26.206 0-36.204l36.203-36.204c9.997-9.998 26.207-9.998 36.204 0L192 312.69 432.095 72.596c9.997-9.997 26.207-9.997 36.204 0l36.203 36.204c9.997 9.997 9.997 26.206 0 36.204l-294.4 294.401c-9.998 9.997-26.207 9.997-36.204-.001z\"><\/path><\/svg>\t\t\t\t\t\t<\/span>\n\t\t\t\t\t\t\t\t\t\t<span class=\"elementor-icon-list-text\">Reinigung der Wohnung, Sp\u00fclen <\/span>\n\t\t\t\t\t\t\t\t\t<\/li>\n\t\t\t\t\t\t\t\t<li class=\"elementor-icon-list-item\">\n\t\t\t\t\t\t\t\t\t\t\t<span class=\"elementor-icon-list-icon\">\n\t\t\t\t\t\t\t<svg aria-hidden=\"true\" class=\"e-font-icon-svg e-fas-check\" viewBox=\"0 0 512 512\" xmlns=\"http:\/\/www.w3.org\/2000\/svg\"><path d=\"M173.898 439.404l-166.4-166.4c-9.997-9.997-9.997-26.206 0-36.204l36.203-36.204c9.997-9.998 26.207-9.998 36.204 0L192 312.69 432.095 72.596c9.997-9.997 26.207-9.997 36.204 0l36.203 36.204c9.997 9.997 9.997 26.206 0 36.204l-294.4 294.401c-9.998 9.997-26.207 9.997-36.204-.001z\"><\/path><\/svg>\t\t\t\t\t\t<\/span>\n\t\t\t\t\t\t\t\t\t\t<span class=\"elementor-icon-list-text\">Wechseln und Waschen der W\u00e4sche <\/span>\n\t\t\t\t\t\t\t\t\t<\/li>\n\t\t\t\t\t\t\t\t<li class=\"elementor-icon-list-item\">\n\t\t\t\t\t\t\t\t\t\t\t<span class=\"elementor-icon-list-icon\">\n\t\t\t\t\t\t\t<svg aria-hidden=\"true\" class=\"e-font-icon-svg e-fas-check\" viewBox=\"0 0 512 512\" xmlns=\"http:\/\/www.w3.org\/2000\/svg\"><path d=\"M173.898 439.404l-166.4-166.4c-9.997-9.997-9.997-26.206 0-36.204l36.203-36.204c9.997-9.998 26.207-9.998 36.204 0L192 312.69 432.095 72.596c9.997-9.997 26.207-9.997 36.204 0l36.203 36.204c9.997 9.997 9.997 26.206 0 36.204l-294.4 294.401c-9.998 9.997-26.207 9.997-36.204-.001z\"><\/path><\/svg>\t\t\t\t\t\t<\/span>\n\t\t\t\t\t\t\t\t\t\t<span class=\"elementor-icon-list-text\">und vieles mehr<\/span>\n\t\t\t\t\t\t\t\t\t<\/li>\n\t\t\t\t\t\t<\/ul>\n\t\t\t\t\t\t<\/div>\n\t\t\t\t<\/div>\n\t\t\t\t<\/div>\n\t\t<div class=\"elementor-element elementor-element-d0f32ad e-con-full e-flex e-con e-child\" data-id=\"d0f32ad\" data-element_type=\"container\">\n\t\t\t\t<div class=\"elementor-element elementor-element-9706921 elementor-widget-mobile__width-initial elementor-widget elementor-widget-image\" data-id=\"9706921\" data-element_type=\"widget\" data-widget_type=\"image.default\">\n\t\t\t\t<div class=\"elementor-widget-container\">\n\t\t\t\t\t\t\t\t\t\t\t\t\t\t\t<img fetchpriority=\"high\" decoding=\"async\" width=\"800\" height=\"532\" src=\"https:\/\/ellias-pflegedienst.de\/wp-content\/uploads\/2025\/02\/Depositphotos_23285680_l-2015-1024x681.jpg\" class=\"attachment-large size-large wp-image-258\" alt=\"\" srcset=\"https:\/\/ellias-pflegedienst.de\/wp-content\/uploads\/2025\/02\/Depositphotos_23285680_l-2015-1024x681.jpg 1024w, https:\/\/ellias-pflegedienst.de\/wp-content\/uploads\/2025\/02\/Depositphotos_23285680_l-2015-300x200.jpg 300w, https:\/\/ellias-pflegedienst.de\/wp-content\/uploads\/2025\/02\/Depositphotos_23285680_l-2015-768x511.jpg 768w, https:\/\/ellias-pflegedienst.de\/wp-content\/uploads\/2025\/02\/Depositphotos_23285680_l-2015-1536x1022.jpg 1536w, https:\/\/ellias-pflegedienst.de\/wp-content\/uploads\/2025\/02\/Depositphotos_23285680_l-2015.jpg 2000w\" sizes=\"(max-width: 800px) 100vw, 800px\" \/>\t\t\t\t\t\t\t\t\t\t\t\t\t\t\t<\/div>\n\t\t\t\t<\/div>\n\t\t\t\t<div class=\"elementor-element elementor-element-38faa9a elementor-widget-mobile__width-initial elementor-widget elementor-widget-image\" data-id=\"38faa9a\" data-element_type=\"widget\" data-widget_type=\"image.default\">\n\t\t\t\t<div class=\"elementor-widget-container\">\n\t\t\t\t\t\t\t\t\t\t\t\t\t\t\t<img decoding=\"async\" width=\"800\" height=\"534\" src=\"https:\/\/ellias-pflegedienst.de\/wp-content\/uploads\/2025\/02\/Depositphotos_82921818_l-2015-1024x684.jpg\" class=\"attachment-large size-large wp-image-260\" alt=\"\" srcset=\"https:\/\/ellias-pflegedienst.de\/wp-content\/uploads\/2025\/02\/Depositphotos_82921818_l-2015-1024x684.jpg 1024w, https:\/\/ellias-pflegedienst.de\/wp-content\/uploads\/2025\/02\/Depositphotos_82921818_l-2015-300x200.jpg 300w, https:\/\/ellias-pflegedienst.de\/wp-content\/uploads\/2025\/02\/Depositphotos_82921818_l-2015-768x513.jpg 768w, https:\/\/ellias-pflegedienst.de\/wp-content\/uploads\/2025\/02\/Depositphotos_82921818_l-2015-1536x1025.jpg 1536w, https:\/\/ellias-pflegedienst.de\/wp-content\/uploads\/2025\/02\/Depositphotos_82921818_l-2015.jpg 2000w\" sizes=\"(max-width: 800px) 100vw, 800px\" \/>\t\t\t\t\t\t\t\t\t\t\t\t\t\t\t<\/div>\n\t\t\t\t<\/div>\n\t\t\t\t<\/div>\n\t\t\t\t<\/div>\n\t\t<div class=\"elementor-element elementor-element-0003579 e-con-full e-flex e-con e-parent\" data-id=\"0003579\" data-element_type=\"container\">\n\t\t\t\t<div class=\"elementor-element elementor-element-c53ed73 elementor-cta--skin-cover elementor-cta--valign-middle elementor-widget__width-inherit card elementor-animated-content elementor-bg-transform elementor-bg-transform-zoom-in elementor-widget elementor-widget-call-to-action\" data-id=\"c53ed73\" data-element_type=\"widget\" data-widget_type=\"call-to-action.default\">\n\t\t\t\t<div class=\"elementor-widget-container\">\n\t\t\t\t\t\t\t<a class=\"elementor-cta\" href=\"https:\/\/ellias-pflegedienst.de\/?page_id=68\">\n\t\t\t\t\t<div class=\"elementor-cta__bg-wrapper\">\n\t\t\t\t<div class=\"elementor-cta__bg elementor-bg\" style=\"background-image: url(https:\/\/ellias-pflegedienst.de\/wp-content\/uploads\/2025\/02\/cta2.jpg);\" role=\"img\" aria-label=\"Red heart in woman and man hands, on green background\"><\/div>\n\t\t\t\t<div class=\"elementor-cta__bg-overlay\"><\/div>\n\t\t\t<\/div>\n\t\t\t\t\t\t\t<div class=\"elementor-cta__content\">\n\t\t\t\t\n\t\t\t\t\t\t\t\t\t<h2 class=\"elementor-cta__title elementor-cta__content-item elementor-content-item elementor-animated-item--grow\">\n\t\t\t\t\t\tKontaktieren Sie uns heute!\t\t\t\t\t<\/h2>\n\t\t\t\t\n\t\t\t\t\n\t\t\t\t\t\t\t<\/div>\n\t\t\t\t\t\t<\/a>\n\t\t\t\t\t\t<\/div>\n\t\t\t\t<\/div>\n\t\t\t\t<\/div>\n\t\t\t\t<\/div>\n\t\t","protected":false},"excerpt":{"rendered":"<p>Hauswirtschaft Auch f\u00fcr Ihre hauswirtschaftliche Versorgung stehen wir bereit. Unsere Leistungen bringen f\u00fcr Pflegebed\u00fcrftige eine Hilfe, die den Ablauf des t\u00e4glichen Lebens enorm erleichtern. Unterst\u00fctzung beim Einkauf Zubereitung von Mahlzeiten Reinigung der Wohnung, Sp\u00fclen Wechseln und Waschen der W\u00e4sche und vieles mehr Kontaktieren Sie uns heute!<\/p>\n","protected":false},"author":1,"featured_media":0,"parent":0,"menu_order":0,"comment_status":"closed","ping_status":"closed","template":"","meta":{"footnotes":""},"class_list":["post-43","page","type-page","status-publish","hentry"],"_links":{"self":[{"href":"https:\/\/ellias-pflegedienst.de\/index.php?rest_route=\/wp\/v2\/pages\/43","targetHints":{"allow":["GET"]}}],"collection":[{"href":"https:\/\/ellias-pflegedienst.de\/index.php?rest_route=\/wp\/v2\/pages"}],"about":[{"href":"https:\/\/ellias-pflegedienst.de\/index.php?rest_route=\/wp\/v2\/types\/page"}],"author":[{"embeddable":true,"href":"https:\/\/ellias-pflegedienst.de\/index.php?rest_route=\/wp\/v2\/users\/1"}],"replies":[{"embeddable":true,"href":"https:\/\/ellias-pflegedienst.de\/index.php?rest_route=%2Fwp%2Fv2%2Fcomments&post=43"}],"version-history":[{"count":10,"href":"https:\/\/ellias-pflegedienst.de\/index.php?rest_route=\/wp\/v2\/pages\/43\/revisions"}],"predecessor-version":[{"id":353,"href":"https:\/\/ellias-pflegedienst.de\/index.php?rest_route=\/wp\/v2\/pages\/43\/revisions\/353"}],"wp:attachment":[{"href":"https:\/\/ellias-pflegedienst.de\/index.php?rest_route=%2Fwp%2Fv2%2Fmedia&parent=43"}],"curies":[{"name":"wp","href":"https:\/\/api.w.org\/{rel}","templated":true}]}}